{"id":336,"date":"2020-06-18T07:58:08","date_gmt":"2020-06-18T07:58:08","guid":{"rendered":"https:\/\/directoriomedicodelistmo.com\/?page_id=336"},"modified":"2020-11-25T21:07:46","modified_gmt":"2020-11-25T21:07:46","slug":"especialistas-en-odontologia","status":"publish","type":"page","link":"https:\/\/directoriomedicodelistmo.com\/index.php\/especialistas-en-odontologia\/","title":{"rendered":"Especialistas en Odontolog\u00eda"},"content":{"rendered":"\n<div class=\"wp-block-columns is-layout-flex wp-container-core-columns-is-layout-9d6595d7 wp-block-columns-is-layout-flex\">\n<div class=\"wp-block-column is-layout-flow wp-block-column-is-layout-flow\">\n<div class=\"wp-block-image\"><figure class=\"aligncenter size-large is-resized\"><a href=\"https:\/\/directoriomedicodelistmo.com\/index.php\/especialidades-odontologias-marzi\/\"><img decoding=\"async\" src=\"https:\/\/directoriomedicodelistmo.com\/wp-content\/uploads\/2020\/11\/descarga-2-225x225.png\" alt=\"\" class=\"wp-image-1435\" width=\"112\" height=\"112\" srcset=\"https:\/\/directoriomedicodelistmo.com\/wp-content\/uploads\/2020\/11\/descarga-2.png 225w, https:\/\/directoriomedicodelistmo.com\/wp-content\/uploads\/2020\/11\/descarga-2-150x150.png 150w\" sizes=\"(max-width: 112px) 100vw, 112px\" \/><\/a><figcaption><a href=\"https:\/\/directoriomedicodelistmo.com\/index.php\/especialidades-odontologias-marzi\/\">Dr. Jorge Aguirre<br>971-140-50-74<\/a><\/figcaption><\/figure><\/div>\n<\/div>\n\n\n\n<div class=\"wp-block-column is-layout-flow wp-block-column-is-layout-flow\"><\/div>\n\n\n\n<div class=\"wp-block-column is-layout-flow wp-block-column-is-layout-flow\"><\/div>\n<\/div>\n\n\n\n<div class=\"wp-block-columns is-layout-flex wp-container-core-columns-is-layout-9d6595d7 wp-block-columns-is-layout-flex\">\n<div class=\"wp-block-column is-layout-flow wp-block-column-is-layout-flow\">\n<div class=\"wp-block-image\"><figure class=\"aligncenter size-large is-resized\"><a href=\"https:\/\/directoriomedicodelistmo.com\/index.php\/especialidades-odontologias-marzi\/\"><img decoding=\"async\" src=\"https:\/\/directoriomedicodelistmo.com\/wp-content\/uploads\/2020\/11\/images-1-1-225x225.png\" alt=\"\" class=\"wp-image-1426\" width=\"140\" height=\"140\" srcset=\"https:\/\/directoriomedicodelistmo.com\/wp-content\/uploads\/2020\/11\/images-1-1.png 225w, https:\/\/directoriomedicodelistmo.com\/wp-content\/uploads\/2020\/11\/images-1-1-150x150.png 150w\" sizes=\"(max-width: 140px) 100vw, 140px\" \/><\/a><figcaption><a href=\"https:\/\/directoriomedicodelistmo.com\/index.php\/especialidades-odontologias-marzi\/\">Dr. Fabricio Ch\u00e1vez M\u00e1rquez<br>971-140-50-74<\/a><\/figcaption><\/figure><\/div>\n<\/div>\n\n\n\n<div class=\"wp-block-column is-layout-flow wp-block-column-is-layout-flow\">\n<div class=\"wp-block-image\"><figure class=\"aligncenter size-large is-resized\"><a href=\"Dra. Virginia M\u00e1rquez Ziga Odont\u00f3loga integral 971-140-50-74\"><img decoding=\"async\" src=\"https:\/\/directoriomedicodelistmo.com\/wp-content\/uploads\/2020\/11\/descarga-1-1-225x225.png\" alt=\"\" class=\"wp-image-1428\" width=\"138\" height=\"138\" srcset=\"https:\/\/directoriomedicodelistmo.com\/wp-content\/uploads\/2020\/11\/descarga-1-1.png 225w, https:\/\/directoriomedicodelistmo.com\/wp-content\/uploads\/2020\/11\/descarga-1-1-150x150.png 150w\" sizes=\"(max-width: 138px) 100vw, 138px\" \/><\/a><figcaption><a href=\"http:\/\/Dra. Virginia M\u00e1rquez Ziga Odont\u00f3loga integral 971-140-50-74\">Dra. Virginia M\u00e1rquez Ziga<br>971-140-50-74<\/a><\/figcaption><\/figure><\/div>\n<\/div>\n\n\n\n<div class=\"wp-block-column is-layout-flow wp-block-column-is-layout-flow\">\n<div class=\"wp-block-image\"><figure class=\"aligncenter size-large is-resized\"><a href=\"https:\/\/directoriomedicodelistmo.com\/index.php\/especialidades-odontologias-marzi\/\"><img loading=\"lazy\" decoding=\"async\" src=\"https:\/\/directoriomedicodelistmo.com\/wp-content\/uploads\/2020\/11\/9-1-1024x1024.png\" alt=\"\" class=\"wp-image-1431\" width=\"128\" height=\"128\" srcset=\"https:\/\/directoriomedicodelistmo.com\/wp-content\/uploads\/2020\/11\/9-1-1024x1024.png 1024w, https:\/\/directoriomedicodelistmo.com\/wp-content\/uploads\/2020\/11\/9-1-300x300.png 300w, https:\/\/directoriomedicodelistmo.com\/wp-content\/uploads\/2020\/11\/9-1-150x150.png 150w, https:\/\/directoriomedicodelistmo.com\/wp-content\/uploads\/2020\/11\/9-1-768x768.png 768w, https:\/\/directoriomedicodelistmo.com\/wp-content\/uploads\/2020\/11\/9-1.png 1080w, https:\/\/directoriomedicodelistmo.com\/wp-content\/uploads\/2020\/11\/9-1-830x830.png 830w, https:\/\/directoriomedicodelistmo.com\/wp-content\/uploads\/2020\/11\/9-1-230x230.png 230w, https:\/\/directoriomedicodelistmo.com\/wp-content\/uploads\/2020\/11\/9-1-350x350.png 350w, https:\/\/directoriomedicodelistmo.com\/wp-content\/uploads\/2020\/11\/9-1-480x480.png 480w\" sizes=\"(max-width: 128px) 100vw, 128px\" \/><\/a><figcaption><a href=\"https:\/\/directoriomedicodelistmo.com\/index.php\/especialidades-odontologias-marzi\/\">Dra. Kristell Ballinas Y\u00e1\u00f1ez<br>Odontopediatra<br>971-140-50-74<\/a><\/figcaption><\/figure><\/div>\n<\/div>\n<\/div>\n\n\n\n<div class=\"wp-block-columns is-layout-flex wp-container-core-columns-is-layout-9d6595d7 wp-block-columns-is-layout-flex\">\n<div class=\"wp-block-column is-layout-flow wp-block-column-is-layout-flow\">\n<p class=\"has-text-align-center\">Dra. Margarita de la Cruz Toledo<br>971-117-28-01<\/p>\n<\/div>\n\n\n\n<div class=\"wp-block-column is-layout-flow wp-block-column-is-layout-flow\">\n<p class=\"has-text-align-center\">Dra. Aracely P\u00e9rez M\u00e9ndez<br>971-117-28-01<\/p>\n<\/div>\n\n\n\n<div class=\"wp-block-column is-layout-flow wp-block-column-is-layout-flow\">\n<p class=\"has-text-align-center\">Dr. Andr\u00e9s S\u00e1nchez Valle<br>971-117-28-01<\/p>\n<\/div>\n<\/div>\n\n\n\n<div class=\"wp-block-columns is-layout-flex wp-container-core-columns-is-layout-9d6595d7 wp-block-columns-is-layout-flex\">\n<div class=\"wp-block-column is-layout-flow wp-block-column-is-layout-flow\">\n<p class=\"has-text-align-center\">Dr. Ricardo Carlos Garc\u00eda Cruz<br>971-117-28-01<\/p>\n<\/div>\n\n\n\n<div class=\"wp-block-column is-layout-flow wp-block-column-is-layout-flow\">\n<p class=\"has-text-align-center\">Dr. Juan Mar\u00edn Gallegos<br>971-71-1-28-88<\/p>\n<\/div>\n\n\n\n<div class=\"wp-block-column is-layout-flow wp-block-column-is-layout-flow\">\n<p class=\"has-text-align-center\">C.D.E.O. Luis H. Mat\u00ednez Noriega<br>971-71-1-24-65<\/p>\n<\/div>\n<\/div>\n\n\n\n<div class=\"wp-block-columns is-layout-flex wp-container-core-columns-is-layout-9d6595d7 wp-block-columns-is-layout-flex\">\n<div class=\"wp-block-column is-layout-flow wp-block-column-is-layout-flow\">\n<p class=\"has-text-align-center\">Dr. Mario Alejandro L\u00f3pez P\u00e9rez<br>M\u00e9xico libre n.9<\/p>\n<\/div>\n\n\n\n<div class=\"wp-block-column is-layout-flow wp-block-column-is-layout-flow\">\n<p class=\"has-text-align-center\">Dr. Francisco Alberto<br>Vel\u00e1zquez D\u00edaz<br>971-281-35-36<\/p>\n<\/div>\n\n\n\n<div class=\"wp-block-column is-layout-flow wp-block-column-is-layout-flow\">\n<p class=\"has-text-align-center\"><\/p>\n<\/div>\n<\/div>\n\n\n\n<div class=\"wp-block-columns is-layout-flex wp-container-core-columns-is-layout-9d6595d7 wp-block-columns-is-layout-flex\">\n<div class=\"wp-block-column is-layout-flow wp-block-column-is-layout-flow\">\n<p class=\"has-text-align-center\"><\/p>\n<\/div>\n\n\n\n<div class=\"wp-block-column is-layout-flow wp-block-column-is-layout-flow\">\n<p class=\"has-text-align-center\"><\/p>\n<\/div>\n\n\n\n<div class=\"wp-block-column is-layout-flow wp-block-column-is-layout-flow\">\n<p class=\"has-text-align-center\"><\/p>\n<\/div>\n<\/div>\n","protected":false},"excerpt":{"rendered":"<p>Dra. Margarita de la Cruz Toledo971-117-28-01 Dra. Aracely P\u00e9rez M\u00e9ndez971-117-28-01 Dr. Andr\u00e9s S\u00e1nchez Valle971-117-28-01 Dr. Ricardo Carlos Garc\u00eda Cruz971-117-28-01 Dr. Juan Mar\u00edn [&hellip;]<\/p>\n","protected":false},"author":1,"featured_media":0,"parent":0,"menu_order":0,"comment_status":"closed","ping_status":"closed","template":"page-templates\/page_fullwidth.php","meta":{"footnotes":""},"class_list":["post-336","page","type-page","status-publish","hentry"],"aioseo_notices":[],"_links":{"self":[{"href":"https:\/\/directoriomedicodelistmo.com\/index.php\/wp-json\/wp\/v2\/pages\/336","targetHints":{"allow":["GET"]}}],"collection":[{"href":"https:\/\/directoriomedicodelistmo.com\/index.php\/wp-json\/wp\/v2\/pages"}],"about":[{"href":"https:\/\/directoriomedicodelistmo.com\/index.php\/wp-json\/wp\/v2\/types\/page"}],"author":[{"embeddable":true,"href":"https:\/\/directoriomedicodelistmo.com\/index.php\/wp-json\/wp\/v2\/users\/1"}],"replies":[{"embeddable":true,"href":"https:\/\/directoriomedicodelistmo.com\/index.php\/wp-json\/wp\/v2\/comments?post=336"}],"version-history":[{"count":8,"href":"https:\/\/directoriomedicodelistmo.com\/index.php\/wp-json\/wp\/v2\/pages\/336\/revisions"}],"predecessor-version":[{"id":1438,"href":"https:\/\/directoriomedicodelistmo.com\/index.php\/wp-json\/wp\/v2\/pages\/336\/revisions\/1438"}],"wp:attachment":[{"href":"https:\/\/directoriomedicodelistmo.com\/index.php\/wp-json\/wp\/v2\/media?parent=336"}],"curies":[{"name":"wp","href":"https:\/\/api.w.org\/{rel}","templated":true}]}}