{"id":319,"date":"2020-06-18T07:50:10","date_gmt":"2020-06-18T07:50:10","guid":{"rendered":"https:\/\/directoriomedicodelistmo.com\/?page_id=319"},"modified":"2022-03-16T23:03:50","modified_gmt":"2022-03-16T23:03:50","slug":"especialistas-en-urologia","status":"publish","type":"page","link":"https:\/\/directoriomedicodelistmo.com\/index.php\/especialistas-en-urologia\/","title":{"rendered":"Especialistas en Urologia"},"content":{"rendered":"\n<p class=\"has-text-align-center has-vivid-cyan-blue-color has-text-color has-huge-font-size\">Especialistas en Urolog\u00eda<\/p>\n\n\n\n<div class=\"wp-block-columns is-layout-flex wp-container-core-columns-is-layout-9d6595d7 wp-block-columns-is-layout-flex\">\n<div class=\"wp-block-column is-layout-flow wp-block-column-is-layout-flow\">\n<div class=\"wp-block-image\"><figure class=\"aligncenter size-large is-resized\"><img fetchpriority=\"high\" decoding=\"async\" src=\"https:\/\/directoriomedicodelistmo.com\/wp-content\/uploads\/2021\/02\/1-900x900.jpg\" alt=\"\" class=\"wp-image-1910\" width=\"285\" height=\"285\" srcset=\"https:\/\/directoriomedicodelistmo.com\/wp-content\/uploads\/2021\/02\/1.jpg 900w, https:\/\/directoriomedicodelistmo.com\/wp-content\/uploads\/2021\/02\/1-300x300.jpg 300w, https:\/\/directoriomedicodelistmo.com\/wp-content\/uploads\/2021\/02\/1-150x150.jpg 150w, https:\/\/directoriomedicodelistmo.com\/wp-content\/uploads\/2021\/02\/1-768x768.jpg 768w, https:\/\/directoriomedicodelistmo.com\/wp-content\/uploads\/2021\/02\/1-830x830.jpg 830w, https:\/\/directoriomedicodelistmo.com\/wp-content\/uploads\/2021\/02\/1-230x230.jpg 230w, https:\/\/directoriomedicodelistmo.com\/wp-content\/uploads\/2021\/02\/1-350x350.jpg 350w, https:\/\/directoriomedicodelistmo.com\/wp-content\/uploads\/2021\/02\/1-480x480.jpg 480w\" sizes=\"(max-width: 285px) 100vw, 285px\" \/><figcaption><strong><a href=\"https:\/\/directoriomedicodelistmo.com\/index.php\/353-2\/\">Dr. Jes\u00fas Miguel Suarez Uriarte<br>971-223-47-80<\/a><\/strong><\/figcaption><\/figure><\/div>\n<\/div>\n\n\n\n<div class=\"wp-block-column is-layout-flow wp-block-column-is-layout-flow\">\n<p class=\"has-text-align-center\">Dr. Carlos Antonio Luna Solares<br>971-71-1-17-04<\/p>\n<\/div>\n\n\n\n<div class=\"wp-block-column is-layout-flow wp-block-column-is-layout-flow\">\n<p class=\"has-text-align-center\">Dr. Od\u00edn Toledo N\u00e1der<br>971-71-2-40-61<\/p>\n<\/div>\n<\/div>\n\n\n\n<div class=\"wp-block-columns is-layout-flex wp-container-core-columns-is-layout-9d6595d7 wp-block-columns-is-layout-flex\">\n<div class=\"wp-block-column is-layout-flow wp-block-column-is-layout-flow\">\n<p class=\"has-text-align-center\">Dr. David Hurtado Gir\u00f3n<br>971-197-00-23<\/p>\n<\/div>\n\n\n\n<div class=\"wp-block-column is-layout-flow wp-block-column-is-layout-flow\"><\/div>\n\n\n\n<div class=\"wp-block-column is-layout-flow wp-block-column-is-layout-flow\"><\/div>\n<\/div>\n","protected":false},"excerpt":{"rendered":"<p>Especialistas en Urolog\u00eda Dr. Carlos Antonio Luna Solares971-71-1-17-04 Dr. Od\u00edn Toledo N\u00e1der971-71-2-40-61 Dr. David Hurtado Gir\u00f3n971-197-00-23<\/p>\n","protected":false},"author":1,"featured_media":0,"parent":0,"menu_order":0,"comment_status":"closed","ping_status":"closed","template":"page-templates\/page_fullwidth.php","meta":{"footnotes":""},"class_list":["post-319","page","type-page","status-publish","hentry"],"aioseo_notices":[],"_links":{"self":[{"href":"https:\/\/directoriomedicodelistmo.com\/index.php\/wp-json\/wp\/v2\/pages\/319","targetHints":{"allow":["GET"]}}],"collection":[{"href":"https:\/\/directoriomedicodelistmo.com\/index.php\/wp-json\/wp\/v2\/pages"}],"about":[{"href":"https:\/\/directoriomedicodelistmo.com\/index.php\/wp-json\/wp\/v2\/types\/page"}],"author":[{"embeddable":true,"href":"https:\/\/directoriomedicodelistmo.com\/index.php\/wp-json\/wp\/v2\/users\/1"}],"replies":[{"embeddable":true,"href":"https:\/\/directoriomedicodelistmo.com\/index.php\/wp-json\/wp\/v2\/comments?post=319"}],"version-history":[{"count":14,"href":"https:\/\/directoriomedicodelistmo.com\/index.php\/wp-json\/wp\/v2\/pages\/319\/revisions"}],"predecessor-version":[{"id":3122,"href":"https:\/\/directoriomedicodelistmo.com\/index.php\/wp-json\/wp\/v2\/pages\/319\/revisions\/3122"}],"wp:attachment":[{"href":"https:\/\/directoriomedicodelistmo.com\/index.php\/wp-json\/wp\/v2\/media?parent=319"}],"curies":[{"name":"wp","href":"https:\/\/api.w.org\/{rel}","templated":true}]}}