{"id":304,"date":"2020-06-18T07:42:52","date_gmt":"2020-06-18T07:42:52","guid":{"rendered":"https:\/\/directoriomedicodelistmo.com\/?page_id=304"},"modified":"2022-03-16T22:18:55","modified_gmt":"2022-03-16T22:18:55","slug":"doctores-en-ixtepec","status":"publish","type":"page","link":"https:\/\/directoriomedicodelistmo.com\/index.php\/doctores-en-ixtepec\/","title":{"rendered":"Doctores en Ixtepec"},"content":{"rendered":"\n<div class=\"wp-block-columns is-layout-flex wp-container-core-columns-is-layout-9d6595d7 wp-block-columns-is-layout-flex\">\n<div class=\"wp-block-column is-layout-flow wp-block-column-is-layout-flow\">\n<figure class=\"wp-block-image size-large\"><img fetchpriority=\"high\" decoding=\"async\" width=\"600\" height=\"600\" src=\"https:\/\/directoriomedicodelistmo.com\/wp-content\/uploads\/2022\/03\/1-2-600x600.png\" alt=\"\" class=\"wp-image-3051\" srcset=\"https:\/\/directoriomedicodelistmo.com\/wp-content\/uploads\/2022\/03\/1-2.png 600w, https:\/\/directoriomedicodelistmo.com\/wp-content\/uploads\/2022\/03\/1-2-300x300.png 300w, https:\/\/directoriomedicodelistmo.com\/wp-content\/uploads\/2022\/03\/1-2-150x150.png 150w, https:\/\/directoriomedicodelistmo.com\/wp-content\/uploads\/2022\/03\/1-2-230x230.png 230w, https:\/\/directoriomedicodelistmo.com\/wp-content\/uploads\/2022\/03\/1-2-350x350.png 350w, https:\/\/directoriomedicodelistmo.com\/wp-content\/uploads\/2022\/03\/1-2-480x480.png 480w\" sizes=\"(max-width: 600px) 100vw, 600px\" \/><figcaption>Dr. Yolver Rivera Aquino <br>Geriatra y Geront\u00f3logo <br>971-208-30-56<\/figcaption><\/figure>\n<\/div>\n\n\n\n<div class=\"wp-block-column is-layout-flow wp-block-column-is-layout-flow\"><\/div>\n\n\n\n<div class=\"wp-block-column is-layout-flow wp-block-column-is-layout-flow\"><\/div>\n<\/div>\n\n\n\n<div class=\"wp-block-columns is-layout-flex wp-container-core-columns-is-layout-9d6595d7 wp-block-columns-is-layout-flex\">\n<div class=\"wp-block-column is-layout-flow wp-block-column-is-layout-flow\">\n<p class=\"has-text-align-center\">Dr. Armando Osorio Velasco <br>M\u00e9dico general<br>971-71-3-02-17<\/p>\n<\/div>\n\n\n\n<div class=\"wp-block-column is-layout-flow wp-block-column-is-layout-flow\">\n<p class=\"has-text-align-center\">Dr. Jos\u00e9 Angeles Toledo L\u00f3pez<br>Terapia intensiva<br>971-281-04-20<\/p>\n<\/div>\n\n\n\n<div class=\"wp-block-column is-layout-flow wp-block-column-is-layout-flow\">\n<p class=\"has-text-align-center\">Dr. Alan Hernandez Mu\u00f1oz<br>Cirujano General<br>Calzada Joaquin Amaro 31 Col. Moderna<\/p>\n<\/div>\n<\/div>\n\n\n\n<div class=\"wp-block-columns is-layout-flex wp-container-core-columns-is-layout-9d6595d7 wp-block-columns-is-layout-flex\">\n<div class=\"wp-block-column is-layout-flow wp-block-column-is-layout-flow\">\n<p class=\"has-text-align-center\">Dra. Lizeth Alonso Salvador<br>Endocrinologa y biologa de la reproducci\u00f3n<br>971-71-5-30-20<br><\/p>\n<\/div>\n\n\n\n<div class=\"wp-block-column is-layout-flow wp-block-column-is-layout-flow\">\n<p class=\"has-text-align-center\">Dr. Christian G. Barenca Mel\u00e9ndez<br>Radiolog\u00eda e imagen<br>971-727-02-46<\/p>\n<\/div>\n\n\n\n<div class=\"wp-block-column is-layout-flow wp-block-column-is-layout-flow\">\n<p class=\"has-text-align-center\">Dr. Rutilo Mej\u00eda Dom\u00ednguez <br>M\u00e9dico general<br>551-808-27-05<br><\/p>\n<\/div>\n<\/div>\n\n\n\n<div class=\"wp-block-columns is-layout-flex wp-container-core-columns-is-layout-9d6595d7 wp-block-columns-is-layout-flex\">\n<div class=\"wp-block-column is-layout-flow wp-block-column-is-layout-flow\">\n<p class=\"has-text-align-center\">Dr. Jassiel Quinto<br>Ginec\u00f3logo<br>971-727-02-42<br><br> <\/p>\n<\/div>\n\n\n\n<div class=\"wp-block-column is-layout-flow wp-block-column-is-layout-flow\">\n<p class=\"has-text-align-center\">Dra. Alesia Antonio Cabrera <br>Gineco-obstetra <br>971-140-91-44<\/p>\n<\/div>\n\n\n\n<div class=\"wp-block-column is-layout-flow wp-block-column-is-layout-flow\">\n<p class=\"has-text-align-center\">Dr. Armando Morales Madrigal<br>Dermat\u00f3logo <br>971-727-02-42<\/p>\n<\/div>\n<\/div>\n\n\n\n<div class=\"wp-block-columns is-layout-flex wp-container-core-columns-is-layout-9d6595d7 wp-block-columns-is-layout-flex\">\n<div class=\"wp-block-column is-layout-flow wp-block-column-is-layout-flow\">\n<p class=\"has-text-align-center\">Psi. Evelyn Alonso Salvador <br>Psic\u00f3loga <br>971-71-5-30-20<\/p>\n<\/div>\n\n\n\n<div class=\"wp-block-column is-layout-flow wp-block-column-is-layout-flow\">\n<p class=\"has-text-align-center\">Jos\u00e9 Ram\u00f3n Casillas Cano<br>Terapia F\u00edsica<br>971-71-3-12-14<\/p>\n<\/div>\n\n\n\n<div class=\"wp-block-column is-layout-flow wp-block-column-is-layout-flow\">\n<p class=\"has-text-align-center\">Laboratorio de patolog\u00eda cl\u00ednica<br>Dr. Zamora<br>971-128-79-13 <\/p>\n<\/div>\n<\/div>\n\n\n\n<p><\/p>\n","protected":false},"excerpt":{"rendered":"<p>Dr. Armando Osorio Velasco M\u00e9dico general971-71-3-02-17 Dr. Jos\u00e9 Angeles Toledo L\u00f3pezTerapia intensiva971-281-04-20 Dr. Alan Hernandez Mu\u00f1ozCirujano GeneralCalzada Joaquin Amaro 31 Col. Moderna [&hellip;]<\/p>\n","protected":false},"author":1,"featured_media":0,"parent":0,"menu_order":0,"comment_status":"closed","ping_status":"closed","template":"page-templates\/page_fullwidth.php","meta":{"footnotes":""},"class_list":["post-304","page","type-page","status-publish","hentry"],"aioseo_notices":[],"_links":{"self":[{"href":"https:\/\/directoriomedicodelistmo.com\/index.php\/wp-json\/wp\/v2\/pages\/304","targetHints":{"allow":["GET"]}}],"collection":[{"href":"https:\/\/directoriomedicodelistmo.com\/index.php\/wp-json\/wp\/v2\/pages"}],"about":[{"href":"https:\/\/directoriomedicodelistmo.com\/index.php\/wp-json\/wp\/v2\/types\/page"}],"author":[{"embeddable":true,"href":"https:\/\/directoriomedicodelistmo.com\/index.php\/wp-json\/wp\/v2\/users\/1"}],"replies":[{"embeddable":true,"href":"https:\/\/directoriomedicodelistmo.com\/index.php\/wp-json\/wp\/v2\/comments?post=304"}],"version-history":[{"count":9,"href":"https:\/\/directoriomedicodelistmo.com\/index.php\/wp-json\/wp\/v2\/pages\/304\/revisions"}],"predecessor-version":[{"id":3102,"href":"https:\/\/directoriomedicodelistmo.com\/index.php\/wp-json\/wp\/v2\/pages\/304\/revisions\/3102"}],"wp:attachment":[{"href":"https:\/\/directoriomedicodelistmo.com\/index.php\/wp-json\/wp\/v2\/media?parent=304"}],"curies":[{"name":"wp","href":"https:\/\/api.w.org\/{rel}","templated":true}]}}