{"id":282,"date":"2020-06-18T06:33:13","date_gmt":"2020-06-18T06:33:13","guid":{"rendered":"https:\/\/directoriomedicodelistmo.com\/?page_id=282"},"modified":"2022-03-16T22:12:50","modified_gmt":"2022-03-16T22:12:50","slug":"doctores-en-el-espinal","status":"publish","type":"page","link":"https:\/\/directoriomedicodelistmo.com\/index.php\/doctores-en-el-espinal\/","title":{"rendered":"Doctores en El espinal"},"content":{"rendered":"\n<div class=\"wp-block-columns is-layout-flex wp-container-core-columns-is-layout-9d6595d7 wp-block-columns-is-layout-flex\">\n<div class=\"wp-block-column is-layout-flow wp-block-column-is-layout-flow\">\n<div class=\"wp-block-image\"><figure class=\"aligncenter size-large is-resized\"><img fetchpriority=\"high\" decoding=\"async\" src=\"https:\/\/directoriomedicodelistmo.com\/wp-content\/uploads\/2021\/11\/1-1-900x900.png\" alt=\"\" class=\"wp-image-2685\" width=\"305\" height=\"305\" srcset=\"https:\/\/directoriomedicodelistmo.com\/wp-content\/uploads\/2021\/11\/1-1.png 900w, https:\/\/directoriomedicodelistmo.com\/wp-content\/uploads\/2021\/11\/1-1-300x300.png 300w, https:\/\/directoriomedicodelistmo.com\/wp-content\/uploads\/2021\/11\/1-1-150x150.png 150w, https:\/\/directoriomedicodelistmo.com\/wp-content\/uploads\/2021\/11\/1-1-768x768.png 768w, https:\/\/directoriomedicodelistmo.com\/wp-content\/uploads\/2021\/11\/1-1-830x830.png 830w, https:\/\/directoriomedicodelistmo.com\/wp-content\/uploads\/2021\/11\/1-1-230x230.png 230w, https:\/\/directoriomedicodelistmo.com\/wp-content\/uploads\/2021\/11\/1-1-350x350.png 350w, https:\/\/directoriomedicodelistmo.com\/wp-content\/uploads\/2021\/11\/1-1-480x480.png 480w\" sizes=\"(max-width: 305px) 100vw, 305px\" \/><figcaption><a href=\"https:\/\/directoriomedicodelistmo.com\/index.php\/dra-ella-castillejos-lopez\/\">Dra. Ella Castillejos L\u00f3pez<br>Geriatra Geront\u00f3loga<br>971-137-03-84 <\/a><\/figcaption><\/figure><\/div>\n<\/div>\n\n\n\n<div class=\"wp-block-column is-layout-flow wp-block-column-is-layout-flow\">\n<p class=\"has-text-align-center\">Dr. Abel Santos Altamirano<br>Internista<br>971-71-1-17-04<br><\/p>\n<\/div>\n\n\n\n<div class=\"wp-block-column is-layout-flow wp-block-column-is-layout-flow\">\n<p class=\"has-text-align-center\">Dra. Minerva Rodr\u00edguez Falc\u00f3n<br>Reumat\u00f3loga <br>971-71-1-17-04<\/p>\n<\/div>\n<\/div>\n\n\n\n<div class=\"wp-block-columns is-layout-flex wp-container-core-columns-is-layout-9d6595d7 wp-block-columns-is-layout-flex\">\n<div class=\"wp-block-column is-layout-flow wp-block-column-is-layout-flow\">\n<p class=\"has-text-align-center\">Q.B Anah\u00ed Mart\u00ednez Cuevas <br>Qu\u00edmico farmacobiologo <br>971-71-1-17-04<br><\/p>\n<\/div>\n\n\n\n<div class=\"wp-block-column is-layout-flow wp-block-column-is-layout-flow\">\n<p class=\"has-text-align-center\">Dr. Carlos Antonio Luna Solares <br>Cirujano ur\u00f3logo <br>971-71-1-17-04<\/p>\n<\/div>\n\n\n\n<div class=\"wp-block-column is-layout-flow wp-block-column-is-layout-flow\">\n<p class=\"has-text-align-center\">Dra. Mayeli Fuentes Dehesa<br>Ginec\u00f3loga<br>971-111-20-68 <\/p>\n<\/div>\n<\/div>\n\n\n\n<div class=\"wp-block-columns is-layout-flex wp-container-core-columns-is-layout-9d6595d7 wp-block-columns-is-layout-flex\">\n<div class=\"wp-block-column is-layout-flow wp-block-column-is-layout-flow\">\n<p class=\"has-text-align-center\">Dr. Edgar Fuentes Altamirano<br>Cardi\u00f3logo <br>971-71-3-43-55<\/p>\n<\/div>\n\n\n\n<div class=\"wp-block-column is-layout-flow wp-block-column-is-layout-flow\">\n<p class=\"has-text-align-center\">Dr. Od\u00edn Toledo N\u00e1der<br>Ur\u00f3logo <br>971-71-2-40-61<\/p>\n<\/div>\n\n\n\n<div class=\"wp-block-column is-layout-flow wp-block-column-is-layout-flow\">\n<p class=\"has-text-align-center\">Therafix<br>Fisioterapia y rehabilitaci\u00f3n f\u00edsica<br>222-895-07-45<\/p>\n<\/div>\n<\/div>\n\n\n\n<div class=\"wp-block-columns is-layout-flex wp-container-core-columns-is-layout-9d6595d7 wp-block-columns-is-layout-flex\">\n<div class=\"wp-block-column is-layout-flow wp-block-column-is-layout-flow\">\n<p class=\"has-text-align-center\">Dr. Alberto L\u00f3pez Matus<br>Pediatra <br>Avenida Ju\u00e1rez 17, Primera secci\u00f3n<\/p>\n<\/div>\n\n\n\n<div class=\"wp-block-column is-layout-flow wp-block-column-is-layout-flow\"><\/div>\n\n\n\n<div class=\"wp-block-column is-layout-flow wp-block-column-is-layout-flow\"><\/div>\n<\/div>\n","protected":false},"excerpt":{"rendered":"<p>Dr. Abel Santos AltamiranoInternista971-71-1-17-04 Dra. Minerva Rodr\u00edguez Falc\u00f3nReumat\u00f3loga 971-71-1-17-04 Q.B Anah\u00ed Mart\u00ednez Cuevas Qu\u00edmico farmacobiologo 971-71-1-17-04 Dr. Carlos Antonio Luna Solares Cirujano [&hellip;]<\/p>\n","protected":false},"author":2,"featured_media":0,"parent":0,"menu_order":0,"comment_status":"closed","ping_status":"closed","template":"page-templates\/page_fullwidth.php","meta":{"footnotes":""},"class_list":["post-282","page","type-page","status-publish","hentry"],"aioseo_notices":[],"_links":{"self":[{"href":"https:\/\/directoriomedicodelistmo.com\/index.php\/wp-json\/wp\/v2\/pages\/282","targetHints":{"allow":["GET"]}}],"collection":[{"href":"https:\/\/directoriomedicodelistmo.com\/index.php\/wp-json\/wp\/v2\/pages"}],"about":[{"href":"https:\/\/directoriomedicodelistmo.com\/index.php\/wp-json\/wp\/v2\/types\/page"}],"author":[{"embeddable":true,"href":"https:\/\/directoriomedicodelistmo.com\/index.php\/wp-json\/wp\/v2\/users\/2"}],"replies":[{"embeddable":true,"href":"https:\/\/directoriomedicodelistmo.com\/index.php\/wp-json\/wp\/v2\/comments?post=282"}],"version-history":[{"count":13,"href":"https:\/\/directoriomedicodelistmo.com\/index.php\/wp-json\/wp\/v2\/pages\/282\/revisions"}],"predecessor-version":[{"id":3100,"href":"https:\/\/directoriomedicodelistmo.com\/index.php\/wp-json\/wp\/v2\/pages\/282\/revisions\/3100"}],"wp:attachment":[{"href":"https:\/\/directoriomedicodelistmo.com\/index.php\/wp-json\/wp\/v2\/media?parent=282"}],"curies":[{"name":"wp","href":"https:\/\/api.w.org\/{rel}","templated":true}]}}