{"id":1865,"date":"2021-01-21T04:56:32","date_gmt":"2021-01-21T04:56:32","guid":{"rendered":"https:\/\/directoriomedicodelistmo.com\/?page_id=1865"},"modified":"2022-03-16T21:15:34","modified_gmt":"2022-03-16T21:15:34","slug":"traumatologia-y-ortopedia","status":"publish","type":"page","link":"https:\/\/directoriomedicodelistmo.com\/index.php\/traumatologia-y-ortopedia\/","title":{"rendered":"Traumatolog\u00eda y ortopedia"},"content":{"rendered":"\n<div class=\"wp-block-columns is-layout-flex wp-container-core-columns-is-layout-9d6595d7 wp-block-columns-is-layout-flex\">\n<div class=\"wp-block-column is-layout-flow wp-block-column-is-layout-flow\"><\/div>\n\n\n\n<div class=\"wp-block-column is-layout-flow wp-block-column-is-layout-flow\">\n<div class=\"wp-block-image\"><figure class=\"aligncenter size-large is-resized\"><img decoding=\"async\" src=\"https:\/\/directoriomedicodelistmo.com\/wp-content\/uploads\/2021\/12\/1-900x900.png\" alt=\"\" class=\"wp-image-2764\" width=\"203\" height=\"203\" srcset=\"https:\/\/directoriomedicodelistmo.com\/wp-content\/uploads\/2021\/12\/1.png 900w, https:\/\/directoriomedicodelistmo.com\/wp-content\/uploads\/2021\/12\/1-300x300.png 300w, https:\/\/directoriomedicodelistmo.com\/wp-content\/uploads\/2021\/12\/1-150x150.png 150w, https:\/\/directoriomedicodelistmo.com\/wp-content\/uploads\/2021\/12\/1-768x768.png 768w, https:\/\/directoriomedicodelistmo.com\/wp-content\/uploads\/2021\/12\/1-830x830.png 830w, https:\/\/directoriomedicodelistmo.com\/wp-content\/uploads\/2021\/12\/1-230x230.png 230w, https:\/\/directoriomedicodelistmo.com\/wp-content\/uploads\/2021\/12\/1-350x350.png 350w, https:\/\/directoriomedicodelistmo.com\/wp-content\/uploads\/2021\/12\/1-480x480.png 480w\" sizes=\"(max-width: 203px) 100vw, 203px\" \/><figcaption><strong><a href=\"https:\/\/directoriomedicodelistmo.com\/index.php\/dr-carlos-arturo-diaz-leon\/\">Dr. Carlos Arturo D\u00edaz Le\u00f3n <br>Ortopedista Pedi\u00e1trico<br>554- 469-4992 <\/a><\/strong><\/figcaption><\/figure><\/div>\n<\/div>\n\n\n\n<div class=\"wp-block-column is-layout-flow wp-block-column-is-layout-flow\"><\/div>\n<\/div>\n\n\n\n<p><\/p>\n","protected":false},"excerpt":{"rendered":"","protected":false},"author":2,"featured_media":0,"parent":0,"menu_order":0,"comment_status":"closed","ping_status":"closed","template":"","meta":{"footnotes":""},"class_list":["post-1865","page","type-page","status-publish","hentry"],"aioseo_notices":[],"_links":{"self":[{"href":"https:\/\/directoriomedicodelistmo.com\/index.php\/wp-json\/wp\/v2\/pages\/1865","targetHints":{"allow":["GET"]}}],"collection":[{"href":"https:\/\/directoriomedicodelistmo.com\/index.php\/wp-json\/wp\/v2\/pages"}],"about":[{"href":"https:\/\/directoriomedicodelistmo.com\/index.php\/wp-json\/wp\/v2\/types\/page"}],"author":[{"embeddable":true,"href":"https:\/\/directoriomedicodelistmo.com\/index.php\/wp-json\/wp\/v2\/users\/2"}],"replies":[{"embeddable":true,"href":"https:\/\/directoriomedicodelistmo.com\/index.php\/wp-json\/wp\/v2\/comments?post=1865"}],"version-history":[{"count":10,"href":"https:\/\/directoriomedicodelistmo.com\/index.php\/wp-json\/wp\/v2\/pages\/1865\/revisions"}],"predecessor-version":[{"id":3080,"href":"https:\/\/directoriomedicodelistmo.com\/index.php\/wp-json\/wp\/v2\/pages\/1865\/revisions\/3080"}],"wp:attachment":[{"href":"https:\/\/directoriomedicodelistmo.com\/index.php\/wp-json\/wp\/v2\/media?parent=1865"}],"curies":[{"name":"wp","href":"https:\/\/api.w.org\/{rel}","templated":true}]}}